{"id":887,"date":"2025-07-18T12:20:10","date_gmt":"2025-07-18T10:20:10","guid":{"rendered":"https:\/\/restor.com.pl\/ko\/?page_id=887"},"modified":"2025-07-18T12:20:10","modified_gmt":"2025-07-18T10:20:10","slug":"copernic","status":"publish","type":"page","link":"https:\/\/restor.com.pl\/ko\/?page_id=887","title":{"rendered":"COPERNIC"},"content":{"rendered":"<p><strong>COPERNIC<\/strong> to marka kanadyjskiego producenta oprogramowania, znana g\u0142\u00f3wnie z narz\u0119dzi do wyszukiwania i zarz\u0105dzania informacjami na komputerze. Najbardziej rozpoznawalnym produktem jest <strong>Copernic Desktop Search<\/strong> \u2013 program przeznaczony do szybkiego i zaawansowanego wyszukiwania plik\u00f3w, dokument\u00f3w, e-maili oraz innych danych przechowywanych na dyskach lokalnych, zewn\u0119trznych i sieciowych.<\/p>\n<ul>\n<li>Indeksowanie zawarto\u015bci dysk\u00f3w twardych, co umo\u017cliwia b\u0142yskawiczne wyszukiwanie plik\u00f3w wed\u0142ug nazwy, zawarto\u015bci lub innych kryteri\u00f3w.<\/li>\n<\/ul>\n<ul>\n<li>Obs\u0142uga wielu format\u00f3w plik\u00f3w, w tym dokument\u00f3w (DOC, PDF, XLS), multimedi\u00f3w (MP3, AVI), zdj\u0119\u0107 i wiadomo\u015bci e-mail.<\/li>\n<li>Integracja z popularnymi klientami poczty elektronicznej (Outlook, Thunderbird, Eudora) oraz przegl\u0105darkami internetowymi (Internet Explorer, Firefox).<\/li>\n<li>Mo\u017cliwo\u015b\u0107 tworzenia profili wyszukiwania i filtrowania wynik\u00f3w wed\u0142ug kategorii.<\/li>\n<li>Intuicyjny interfejs u\u017cytkownika oraz integracja z paskiem zada\u0144 Windows, co przyspiesza dost\u0119p do funkcji wyszukiwania.<\/li>\n<\/ul>\n<p>Copernic Desktop Search by\u0142 jednym z pierwszych program\u00f3w tego typu i przez lata uchodzi\u0142 za rewolucyjne narz\u0119dzie, cho\u0107 obecnie wiele podobnych funkcji jest ju\u017c wbudowanych w systemy operacyjne.<\/p>\n<p>&nbsp;<\/p>\n<p>Wi\u0119cej informacji na stronie <a href=\"https:\/\/www.copernic.com\/\" target=\"_blank\" rel=\"noopener noreferrer\">COPERNIC <\/a><\/p>\n","protected":false},"excerpt":{"rendered":"<p>COPERNIC to marka kanadyjskiego producenta oprogramowania, znana g\u0142\u00f3wnie z narz\u0119dzi do wyszukiwania i zarz\u0105dzania informacjami na komputerze. Najbardziej rozpoznawalnym produktem jest Copernic Desktop Search \u2013 program przeznaczony do szybkiego i zaawansowanego wyszukiwania plik\u00f3w, dokument\u00f3w, e-maili oraz innych danych przechowywanych na dyskach lokalnych, zewn\u0119trznych i sieciowych. Indeksowanie zawarto\u015bci dysk\u00f3w twardych, co umo\u017cliwia b\u0142yskawiczne wyszukiwanie plik\u00f3w wed\u0142ug &hellip; <a href=\"https:\/\/restor.com.pl\/ko\/?page_id=887\" class=\"more-link\">Czytaj dalej <span class=\"screen-reader-text\">COPERNIC<\/span> <span class=\"meta-nav\">&rarr;<\/span><\/a><\/p>\n","protected":false},"author":4,"featured_media":0,"parent":0,"menu_order":0,"comment_status":"closed","ping_status":"closed","template":"","meta":{"footnotes":""},"class_list":["post-887","page","type-page","status-publish","hentry"],"_links":{"self":[{"href":"https:\/\/restor.com.pl\/ko\/index.php?rest_route=\/wp\/v2\/pages\/887","targetHints":{"allow":["GET"]}}],"collection":[{"href":"https:\/\/restor.com.pl\/ko\/index.php?rest_route=\/wp\/v2\/pages"}],"about":[{"href":"https:\/\/restor.com.pl\/ko\/index.php?rest_route=\/wp\/v2\/types\/page"}],"author":[{"embeddable":true,"href":"https:\/\/restor.com.pl\/ko\/index.php?rest_route=\/wp\/v2\/users\/4"}],"replies":[{"embeddable":true,"href":"https:\/\/restor.com.pl\/ko\/index.php?rest_route=%2Fwp%2Fv2%2Fcomments&post=887"}],"version-history":[{"count":1,"href":"https:\/\/restor.com.pl\/ko\/index.php?rest_route=\/wp\/v2\/pages\/887\/revisions"}],"predecessor-version":[{"id":888,"href":"https:\/\/restor.com.pl\/ko\/index.php?rest_route=\/wp\/v2\/pages\/887\/revisions\/888"}],"wp:attachment":[{"href":"https:\/\/restor.com.pl\/ko\/index.php?rest_route=%2Fwp%2Fv2%2Fmedia&parent=887"}],"curies":[{"name":"wp","href":"https:\/\/api.w.org\/{rel}","templated":true}]}}