{"id":818,"date":"2025-07-11T13:48:39","date_gmt":"2025-07-11T11:48:39","guid":{"rendered":"https:\/\/restor.com.pl\/ko\/?page_id=818"},"modified":"2025-07-11T13:48:39","modified_gmt":"2025-07-11T11:48:39","slug":"quest-software","status":"publish","type":"page","link":"https:\/\/restor.com.pl\/ko\/?page_id=818","title":{"rendered":"QUEST SOFTWARE"},"content":{"rendered":"<p><strong>Quest Software<\/strong> to globalny dostawca rozwi\u0105za\u0144 informatycznych, kt\u00f3re wspieraj\u0105 firmy w zarz\u0105dzaniu, ochronie i modernizacji infrastruktury IT \u2013 zar\u00f3wno lokalnie, jak i w chmurze oraz na wszystkich punktach ko\u0144cowych.<\/p>\n<p><strong>G\u0142\u00f3wne obszary dzia\u0142alno\u015bci i rozwi\u0105zania Quest:<\/strong><\/p>\n<ul>\n<li><strong>Zarz\u0105dzanie danymi i bazami danych:<\/strong> Quest oferuje narz\u0119dzia do zarz\u0105dzania, monitorowania i optymalizacji baz danych, a tak\u017ce do migracji i modernizacji \u015brodowisk bazodanowych.<\/li>\n<li><strong>Ochrona danych i cyberbezpiecze\u0144stwo:<\/strong> Rozwi\u0105zania Quest pomagaj\u0105 zabezpieczy\u0107 infrastruktur\u0119 IT przed zagro\u017ceniami, chroni\u0107 to\u017csamo\u015bci, zarz\u0105dza\u0107 dost\u0119pem oraz zapewnia\u0107 zgodno\u015b\u0107 z regulacjami. Firma rozwija tak\u017ce narz\u0119dzia do wykrywania i reagowania na zagro\u017cenia w czasie rzeczywistym oraz do backupu i odzyskiwania danych.<\/li>\n<li><strong>Zarz\u0105dzanie \u015brodowiskiem Microsoft:<\/strong> Quest specjalizuje si\u0119 w narz\u0119dziach wspieraj\u0105cych zarz\u0105dzanie Active Directory, Microsoft 365 oraz migracj\u0119 i zabezpieczanie tych \u015brodowisk.<\/li>\n<li><strong>Zarz\u0105dzanie chmur\u0105 i modernizacja IT:<\/strong> Rozwi\u0105zania Quest u\u0142atwiaj\u0105 migracj\u0119 do chmury, zarz\u0105dzanie \u015brodowiskami hybrydowymi oraz optymalizacj\u0119 koszt\u00f3w i wydajno\u015bci infrastruktury IT.<\/li>\n<li><strong>Automatyzacja, monitorowanie i wsparcie IT:<\/strong> Firma oferuje narz\u0119dzia do automatyzacji proces\u00f3w IT, monitorowania wydajno\u015bci aplikacji i infrastruktury oraz zarz\u0105dzania punktami ko\u0144cowymi.<\/li>\n<\/ul>\n<p>Quest obs\u0142uguje ponad 130 000 organizacji na \u015bwiecie, w tym wi\u0119kszo\u015b\u0107 firm z listy Fortune 500, a jej rozwi\u0105zania s\u0105 znane z wysokiej skuteczno\u015bci, innowacyjno\u015bci i wsparcia dla ci\u0105g\u0142o\u015bci dzia\u0142ania biznesu.<\/p>\n<p><strong>Podsumowanie:<\/strong><br \/>\nQuest Software dostarcza kompleksowe, skalowalne rozwi\u0105zania IT, kt\u00f3re pomagaj\u0105 firmom w zapewnieniu odporno\u015bci, bezpiecze\u0144stwa i efektywno\u015bci operacyjnej w dynamicznie zmieniaj\u0105cym si\u0119 \u015brodowisku technologicznym.<\/p>\n<p>Wi\u0119cej informacji na stronie <a href=\"https:\/\/www.quest.com\/\" target=\"_blank\" rel=\"noopener noreferrer\">QUEST SOFTWARE <\/a><\/p>\n","protected":false},"excerpt":{"rendered":"<p>Quest Software to globalny dostawca rozwi\u0105za\u0144 informatycznych, kt\u00f3re wspieraj\u0105 firmy w zarz\u0105dzaniu, ochronie i modernizacji infrastruktury IT \u2013 zar\u00f3wno lokalnie, jak i w chmurze oraz na wszystkich punktach ko\u0144cowych. G\u0142\u00f3wne obszary dzia\u0142alno\u015bci i rozwi\u0105zania Quest: Zarz\u0105dzanie danymi i bazami danych: Quest oferuje narz\u0119dzia do zarz\u0105dzania, monitorowania i optymalizacji baz danych, a tak\u017ce do migracji i &hellip; <a href=\"https:\/\/restor.com.pl\/ko\/?page_id=818\" class=\"more-link\">Czytaj dalej <span class=\"screen-reader-text\">QUEST SOFTWARE<\/span> <span class=\"meta-nav\">&rarr;<\/span><\/a><\/p>\n","protected":false},"author":4,"featured_media":0,"parent":0,"menu_order":0,"comment_status":"closed","ping_status":"closed","template":"","meta":{"footnotes":""},"class_list":["post-818","page","type-page","status-publish","hentry"],"_links":{"self":[{"href":"https:\/\/restor.com.pl\/ko\/index.php?rest_route=\/wp\/v2\/pages\/818","targetHints":{"allow":["GET"]}}],"collection":[{"href":"https:\/\/restor.com.pl\/ko\/index.php?rest_route=\/wp\/v2\/pages"}],"about":[{"href":"https:\/\/restor.com.pl\/ko\/index.php?rest_route=\/wp\/v2\/types\/page"}],"author":[{"embeddable":true,"href":"https:\/\/restor.com.pl\/ko\/index.php?rest_route=\/wp\/v2\/users\/4"}],"replies":[{"embeddable":true,"href":"https:\/\/restor.com.pl\/ko\/index.php?rest_route=%2Fwp%2Fv2%2Fcomments&post=818"}],"version-history":[{"count":1,"href":"https:\/\/restor.com.pl\/ko\/index.php?rest_route=\/wp\/v2\/pages\/818\/revisions"}],"predecessor-version":[{"id":819,"href":"https:\/\/restor.com.pl\/ko\/index.php?rest_route=\/wp\/v2\/pages\/818\/revisions\/819"}],"wp:attachment":[{"href":"https:\/\/restor.com.pl\/ko\/index.php?rest_route=%2Fwp%2Fv2%2Fmedia&parent=818"}],"curies":[{"name":"wp","href":"https:\/\/api.w.org\/{rel}","templated":true}]}}