{"id":814,"date":"2025-07-11T13:05:47","date_gmt":"2025-07-11T11:05:47","guid":{"rendered":"https:\/\/restor.com.pl\/ko\/?page_id=814"},"modified":"2025-07-11T13:10:19","modified_gmt":"2025-07-11T11:10:19","slug":"pdq","status":"publish","type":"page","link":"https:\/\/restor.com.pl\/ko\/?page_id=814","title":{"rendered":"PDQ"},"content":{"rendered":"<p>Firma PDQ specjalizuje si\u0119 w narz\u0119dziach do zarz\u0105dzania urz\u0105dzeniami IT, kt\u00f3re maj\u0105 na celu uproszczenie, automatyzacj\u0119 i przyspieszenie pracy administrator\u00f3w system\u00f3w, szczeg\u00f3lnie w \u015brodowiskach opartych o system Windows.<\/p>\n<p><strong>G\u0142\u00f3wne rozwi\u0105zania PDQ:<\/strong><\/p>\n<ul>\n<li><strong>PDQ Deploy<\/strong><br \/>\nNarz\u0119dzie do automatycznego wdra\u017cania oprogramowania, aktualizacji oraz w\u0142asnych skrypt\u00f3w na komputerach z systemem Windows. Pozwala na szybkie i \u201eciche\u201d instalacje aplikacji (ponad 250 gotowych pakiet\u00f3w, np. Zoom, Chrome, Adobe Reader), zdalne uruchamianie skrypt\u00f3w (PowerShell, Visual Basic, pliki rejestru, bat) oraz wprowadzanie zmian konfiguracyjnych bez anga\u017cowania u\u017cytkownika ko\u0144cowego. Umo\u017cliwia planowanie wdro\u017ce\u0144 wed\u0142ug harmonogramu i precyzyjne targetowanie komputer\u00f3w.<\/li>\n<li><strong>PDQ Inventory<\/strong><br \/>\nNarz\u0119dzie do inwentaryzacji i zarz\u0105dzania komputerami \u2013 automatycznie skanuje, zbiera i organizuje dane o maszynach, umo\u017cliwiaj\u0105c grupowanie wed\u0142ug zdefiniowanych kryteri\u00f3w (np. zainstalowane aplikacje, komponenty sprz\u0119towe). Pozwala na tworzenie raport\u00f3w i szybkie wyszukiwanie komputer\u00f3w spe\u0142niaj\u0105cych okre\u015blone warunki, co u\u0142atwia planowanie wdro\u017ce\u0144 i zarz\u0105dzanie zasobami IT.<\/li>\n<li><strong>PDQ Connect<\/strong><br \/>\nRozwi\u0105zanie agentowe do zarz\u0105dzania urz\u0105dzeniami Windows zar\u00f3wno lokalnie, jak i zdalnie. Pozwala na automatyczne wdro\u017cenia, zarz\u0105dzanie podatno\u015bciami, zdalny pulpit oraz wsparcie u\u017cytkownik\u00f3w ko\u0144cowych.<\/li>\n<li><strong>PDQ Detect<\/strong><br \/>\nNarz\u0119dzie do zarz\u0105dzania podatno\u015bciami i automatycznego \u0142atania luk bezpiecze\u0144stwa na urz\u0105dzeniach Windows, Apple i Linux, koncentruj\u0105ce si\u0119 na priorytetyzacji najistotniejszych zagro\u017ce\u0144.<\/li>\n<\/ul>\n<p><strong>Cechy wsp\u00f3lne rozwi\u0105za\u0144 PDQ:<\/strong><\/p>\n<ul>\n<li>Automatyzacja powtarzalnych zada\u0144 IT (instalacje, aktualizacje, raportowanie)<\/li>\n<li>Szybko\u015b\u0107 i prostota wdro\u017cenia oraz obs\u0142ugi<\/li>\n<li>Mo\u017cliwo\u015b\u0107 integracji z Active Directory<\/li>\n<li>Bezpiecze\u0144stwo (lokalne przechowywanie danych, szyfrowanie)<\/li>\n<li>Licencjonowanie w modelu subskrypcyjnym<\/li>\n<\/ul>\n<p>Rozwi\u0105zania PDQ s\u0105 szczeg\u00f3lnie cenione przez administrator\u00f3w za intuicyjno\u015b\u0107, oszcz\u0119dno\u015b\u0107 czasu i niezawodno\u015b\u0107 w zarz\u0105dzaniu zar\u00f3wno ma\u0142ymi, jak i du\u017cymi \u015brodowiskami komputerowymi.<\/p>\n<p>Wi\u0119cej informacji na stronie <a href=\"https:\/\/www.pdq.com\/\" target=\"_blank\" rel=\"noopener noreferrer\">PDQ <\/a><\/p>\n","protected":false},"excerpt":{"rendered":"<p>Firma PDQ specjalizuje si\u0119 w narz\u0119dziach do zarz\u0105dzania urz\u0105dzeniami IT, kt\u00f3re maj\u0105 na celu uproszczenie, automatyzacj\u0119 i przyspieszenie pracy administrator\u00f3w system\u00f3w, szczeg\u00f3lnie w \u015brodowiskach opartych o system Windows. G\u0142\u00f3wne rozwi\u0105zania PDQ: PDQ Deploy Narz\u0119dzie do automatycznego wdra\u017cania oprogramowania, aktualizacji oraz w\u0142asnych skrypt\u00f3w na komputerach z systemem Windows. Pozwala na szybkie i \u201eciche\u201d instalacje aplikacji (ponad &hellip; <a href=\"https:\/\/restor.com.pl\/ko\/?page_id=814\" class=\"more-link\">Czytaj dalej <span class=\"screen-reader-text\">PDQ<\/span> <span class=\"meta-nav\">&rarr;<\/span><\/a><\/p>\n","protected":false},"author":4,"featured_media":0,"parent":0,"menu_order":0,"comment_status":"closed","ping_status":"closed","template":"","meta":{"footnotes":""},"class_list":["post-814","page","type-page","status-publish","hentry"],"_links":{"self":[{"href":"https:\/\/restor.com.pl\/ko\/index.php?rest_route=\/wp\/v2\/pages\/814","targetHints":{"allow":["GET"]}}],"collection":[{"href":"https:\/\/restor.com.pl\/ko\/index.php?rest_route=\/wp\/v2\/pages"}],"about":[{"href":"https:\/\/restor.com.pl\/ko\/index.php?rest_route=\/wp\/v2\/types\/page"}],"author":[{"embeddable":true,"href":"https:\/\/restor.com.pl\/ko\/index.php?rest_route=\/wp\/v2\/users\/4"}],"replies":[{"embeddable":true,"href":"https:\/\/restor.com.pl\/ko\/index.php?rest_route=%2Fwp%2Fv2%2Fcomments&post=814"}],"version-history":[{"count":2,"href":"https:\/\/restor.com.pl\/ko\/index.php?rest_route=\/wp\/v2\/pages\/814\/revisions"}],"predecessor-version":[{"id":817,"href":"https:\/\/restor.com.pl\/ko\/index.php?rest_route=\/wp\/v2\/pages\/814\/revisions\/817"}],"wp:attachment":[{"href":"https:\/\/restor.com.pl\/ko\/index.php?rest_route=%2Fwp%2Fv2%2Fmedia&parent=814"}],"curies":[{"name":"wp","href":"https:\/\/api.w.org\/{rel}","templated":true}]}}