{"id":797,"date":"2025-07-09T11:09:49","date_gmt":"2025-07-09T09:09:49","guid":{"rendered":"https:\/\/restor.com.pl\/ko\/?page_id=797"},"modified":"2025-07-09T11:09:49","modified_gmt":"2025-07-09T09:09:49","slug":"ems-software","status":"publish","type":"page","link":"https:\/\/restor.com.pl\/ko\/?page_id=797","title":{"rendered":"EMS SOFTWARE"},"content":{"rendered":"<p>EMS Software Development to firma informatyczna za\u0142o\u017cona w 1993 roku, specjalizuj\u0105ca si\u0119 w tworzeniu i dystrybucji oprogramowania do zarz\u0105dzania bazami danych. W ofercie firmy znajduj\u0105 si\u0119 narz\u0119dzia obs\u0142uguj\u0105ce popularne systemy bazodanowe, takie jak Oracle, MySQL, PostgreSQL czy SQL Server. Produkty EMS charakteryzuj\u0105 si\u0119 wysok\u0105 jako\u015bci\u0105, niezawodno\u015bci\u0105 oraz \u0142atwo\u015bci\u0105 obs\u0142ugi, co zapewni\u0142o firmie zaufanie klient\u00f3w na ca\u0142ym \u015bwiecie.<\/p>\n<p>EMS Software Development posiada ponad 20-letnie do\u015bwiadczenie w bran\u017cy i oferuje szeroki wachlarz rozwi\u0105za\u0144 wspieraj\u0105cych efektywne zarz\u0105dzanie danymi w przedsi\u0119biorstwach.<\/p>\n<p>Wi\u0119cej informacji na stronie  <a href=\"https:\/\/www.sqlmanager.net\/\" target=\"_blank\" rel=\"noopener noreferrer\">EMS SOFTWARE<\/a><\/p>\n","protected":false},"excerpt":{"rendered":"<p>EMS Software Development to firma informatyczna za\u0142o\u017cona w 1993 roku, specjalizuj\u0105ca si\u0119 w tworzeniu i dystrybucji oprogramowania do zarz\u0105dzania bazami danych. W ofercie firmy znajduj\u0105 si\u0119 narz\u0119dzia obs\u0142uguj\u0105ce popularne systemy bazodanowe, takie jak Oracle, MySQL, PostgreSQL czy SQL Server. Produkty EMS charakteryzuj\u0105 si\u0119 wysok\u0105 jako\u015bci\u0105, niezawodno\u015bci\u0105 oraz \u0142atwo\u015bci\u0105 obs\u0142ugi, co zapewni\u0142o firmie zaufanie klient\u00f3w na &hellip; <a href=\"https:\/\/restor.com.pl\/ko\/?page_id=797\" class=\"more-link\">Czytaj dalej <span class=\"screen-reader-text\">EMS SOFTWARE<\/span> <span class=\"meta-nav\">&rarr;<\/span><\/a><\/p>\n","protected":false},"author":4,"featured_media":0,"parent":0,"menu_order":0,"comment_status":"closed","ping_status":"closed","template":"","meta":{"footnotes":""},"class_list":["post-797","page","type-page","status-publish","hentry"],"_links":{"self":[{"href":"https:\/\/restor.com.pl\/ko\/index.php?rest_route=\/wp\/v2\/pages\/797","targetHints":{"allow":["GET"]}}],"collection":[{"href":"https:\/\/restor.com.pl\/ko\/index.php?rest_route=\/wp\/v2\/pages"}],"about":[{"href":"https:\/\/restor.com.pl\/ko\/index.php?rest_route=\/wp\/v2\/types\/page"}],"author":[{"embeddable":true,"href":"https:\/\/restor.com.pl\/ko\/index.php?rest_route=\/wp\/v2\/users\/4"}],"replies":[{"embeddable":true,"href":"https:\/\/restor.com.pl\/ko\/index.php?rest_route=%2Fwp%2Fv2%2Fcomments&post=797"}],"version-history":[{"count":1,"href":"https:\/\/restor.com.pl\/ko\/index.php?rest_route=\/wp\/v2\/pages\/797\/revisions"}],"predecessor-version":[{"id":798,"href":"https:\/\/restor.com.pl\/ko\/index.php?rest_route=\/wp\/v2\/pages\/797\/revisions\/798"}],"wp:attachment":[{"href":"https:\/\/restor.com.pl\/ko\/index.php?rest_route=%2Fwp%2Fv2%2Fmedia&parent=797"}],"curies":[{"name":"wp","href":"https:\/\/api.w.org\/{rel}","templated":true}]}}