{"id":793,"date":"2025-07-09T10:57:20","date_gmt":"2025-07-09T08:57:20","guid":{"rendered":"https:\/\/restor.com.pl\/ko\/?page_id=793"},"modified":"2025-07-09T10:57:20","modified_gmt":"2025-07-09T08:57:20","slug":"devolutions","status":"publish","type":"page","link":"https:\/\/restor.com.pl\/ko\/?page_id=793","title":{"rendered":"DEVOLUTIONS"},"content":{"rendered":"<p><strong>Devolutions<\/strong> to globalny lider w dostarczaniu bezpiecznych rozwi\u0105za\u0144 do zarz\u0105dzania dost\u0119pem uprzywilejowanym, po\u0142\u0105czeniami zdalnymi i has\u0142ami, skierowanych zar\u00f3wno do du\u017cych firm, jak i sektora M\u015aP. Firma oferuje zintegrowan\u0105 platform\u0119, kt\u00f3ra \u0142\u0105czy produktywno\u015b\u0107 z bezpiecze\u0144stwem, umo\u017cliwiaj\u0105c sprawne zarz\u0105dzanie infrastruktur\u0105 IT bez kompromis\u00f3w w zakresie ochrony danych.<\/p>\n<p><strong>G\u0142\u00f3wne rozwi\u0105zania Devolutions:<\/strong><\/p>\n<ul>\n<li><strong>Remote Desktop Manager (RDM):<\/strong> Narz\u0119dzie do centralnego zarz\u0105dzania po\u0142\u0105czeniami zdalnymi (obs\u0142uga ponad 50 protoko\u0142\u00f3w, m.in. RDP, VPN, VNC, SSH) oraz has\u0142ami i danymi uwierzytelniaj\u0105cymi. Pozwala na bezpieczne przechowywanie i udost\u0119pnianie danych w zespo\u0142ach IT.<\/li>\n<li><strong>Devolutions Server:<\/strong> Samodzielnie hostowane rozwi\u0105zanie do zarz\u0105dzania kontami, has\u0142ami i sesjami zdalnymi. Oferuje pe\u0142n\u0105 kontrol\u0119 nad danymi, zgodno\u015b\u0107 z przepisami, zaawansowane zarz\u0105dzanie uprawnieniami (RBAC, Just-in-Time Access), integracj\u0119 z MFA oraz automatyczn\u0105 rotacj\u0119 hase\u0142 uprzywilejowanych.<\/li>\n<li><strong>Devolutions Hub Business:<\/strong> Chmurowy mened\u017cer hase\u0142 dla zespo\u0142\u00f3w, umo\u017cliwiaj\u0105cy bezpieczne przechowywanie, udost\u0119pnianie i zarz\u0105dzanie has\u0142ami oraz innymi poufnymi informacjami przez intuicyjny interfejs webowy.<\/li>\n<li><strong>Devolutions Gateway:<\/strong> Rozwi\u0105zanie zapewniaj\u0105ce autoryzowany dost\u0119p just-in-time do zasob\u00f3w w segmentowanych sieciach, wspieraj\u0105ce bezpiecze\u0144stwo i elastyczno\u015b\u0107 wdro\u017ce\u0144.<\/li>\n<li><strong>Devolutions PAM:<\/strong> Przyst\u0119pny cenowo i \u0142atwy do wdro\u017cenia system zarz\u0105dzania dost\u0119pem uprzywilejowanym, \u0142\u0105cz\u0105cy produktywno\u015b\u0107 z wysokim poziomem bezpiecze\u0144stwa.<\/li>\n<li><strong>Narz\u0119dzia towarzysz\u0105ce:<\/strong> Aplikacje mobilne i desktopowe (Workspace), rozszerzenia do przegl\u0105darek (Workspace Browser Extension), modu\u0142 PowerShell do automatyzacji, Devolutions Send do bezpiecznego udost\u0119pniania sekret\u00f3w oraz Devolutions Launcher do uruchamiania sesji zdalnych bez ujawniania hase\u0142<a href=\"https:\/\/docs.devolutions.net\/dgw\/devolutions-ecosystem\/\">4<\/a>.<\/li>\n<\/ul>\n<p><strong>Cechy wyr\u00f3\u017cniaj\u0105ce:<\/strong><\/p>\n<ul>\n<li>Rozwi\u0105zania dost\u0119pne zar\u00f3wno w chmurze, jak i on-premises.<\/li>\n<li>Intuicyjna obs\u0142uga dla u\u017cytkownik\u00f3w technicznych i nietechnicznych.<\/li>\n<li>Skupienie na potrzebach ma\u0142ych i \u015brednich firm \u2013 przyst\u0119pno\u015b\u0107 cenowa, szybkie wdro\u017cenie, wsparcie techniczne.<\/li>\n<li>Wysoki poziom bezpiecze\u0144stwa: zaawansowane logowanie, monitorowanie, kontrola dost\u0119pu, audyty i zgodno\u015b\u0107 z regulacjami.<\/li>\n<\/ul>\n<p>Devolutions pomaga organizacjom zwi\u0119kszy\u0107 efektywno\u015b\u0107, upro\u015bci\u0107 zarz\u0105dzanie IT i wzmocni\u0107 ochron\u0119 przed zagro\u017ceniami, dostarczaj\u0105c kompleksowe, elastyczne i skalowalne narz\u0119dzia dla nowoczesnych zespo\u0142\u00f3w IT.<\/p>\n<p>Wi\u0119cej informacji na stronie  <a href=\"https:\/\/devolutions.net\/\" target=\"_blank\" rel=\"noopener noreferrer\">DEVOLUTIONS <\/a><\/p>\n","protected":false},"excerpt":{"rendered":"<p>Devolutions to globalny lider w dostarczaniu bezpiecznych rozwi\u0105za\u0144 do zarz\u0105dzania dost\u0119pem uprzywilejowanym, po\u0142\u0105czeniami zdalnymi i has\u0142ami, skierowanych zar\u00f3wno do du\u017cych firm, jak i sektora M\u015aP. Firma oferuje zintegrowan\u0105 platform\u0119, kt\u00f3ra \u0142\u0105czy produktywno\u015b\u0107 z bezpiecze\u0144stwem, umo\u017cliwiaj\u0105c sprawne zarz\u0105dzanie infrastruktur\u0105 IT bez kompromis\u00f3w w zakresie ochrony danych. G\u0142\u00f3wne rozwi\u0105zania Devolutions: Remote Desktop Manager (RDM): Narz\u0119dzie do centralnego &hellip; <a href=\"https:\/\/restor.com.pl\/ko\/?page_id=793\" class=\"more-link\">Czytaj dalej <span class=\"screen-reader-text\">DEVOLUTIONS<\/span> <span class=\"meta-nav\">&rarr;<\/span><\/a><\/p>\n","protected":false},"author":4,"featured_media":0,"parent":0,"menu_order":0,"comment_status":"closed","ping_status":"closed","template":"","meta":{"footnotes":""},"class_list":["post-793","page","type-page","status-publish","hentry"],"_links":{"self":[{"href":"https:\/\/restor.com.pl\/ko\/index.php?rest_route=\/wp\/v2\/pages\/793","targetHints":{"allow":["GET"]}}],"collection":[{"href":"https:\/\/restor.com.pl\/ko\/index.php?rest_route=\/wp\/v2\/pages"}],"about":[{"href":"https:\/\/restor.com.pl\/ko\/index.php?rest_route=\/wp\/v2\/types\/page"}],"author":[{"embeddable":true,"href":"https:\/\/restor.com.pl\/ko\/index.php?rest_route=\/wp\/v2\/users\/4"}],"replies":[{"embeddable":true,"href":"https:\/\/restor.com.pl\/ko\/index.php?rest_route=%2Fwp%2Fv2%2Fcomments&post=793"}],"version-history":[{"count":1,"href":"https:\/\/restor.com.pl\/ko\/index.php?rest_route=\/wp\/v2\/pages\/793\/revisions"}],"predecessor-version":[{"id":794,"href":"https:\/\/restor.com.pl\/ko\/index.php?rest_route=\/wp\/v2\/pages\/793\/revisions\/794"}],"wp:attachment":[{"href":"https:\/\/restor.com.pl\/ko\/index.php?rest_route=%2Fwp%2Fv2%2Fmedia&parent=793"}],"curies":[{"name":"wp","href":"https:\/\/api.w.org\/{rel}","templated":true}]}}