{"id":788,"date":"2025-07-07T10:38:12","date_gmt":"2025-07-07T08:38:12","guid":{"rendered":"https:\/\/restor.com.pl\/ko\/?page_id=788"},"modified":"2025-07-07T10:38:12","modified_gmt":"2025-07-07T08:38:12","slug":"dbvisualizer","status":"publish","type":"page","link":"https:\/\/restor.com.pl\/ko\/?page_id=788","title":{"rendered":"DBVISUALIZER"},"content":{"rendered":"<p>DbVisualizer to uniwersalne, wieloplatformowe narz\u0119dzie do zarz\u0105dzania bazami danych, przeznaczone dla programist\u00f3w, administrator\u00f3w oraz analityk\u00f3w. Umo\u017cliwia obs\u0142ug\u0119 wielu popularnych system\u00f3w baz danych, takich jak MySQL, PostgreSQL, Oracle, SQL Server, SQLite, DB2, Informix, Redshift czy Sybase, dzia\u0142aj\u0105c na systemach Windows, macOS oraz Linux<strong>:<\/strong><\/p>\n<p>&nbsp;<\/p>\n<ul>\n<li>Zaawansowany edytor SQL z podpowiadaniem sk\u0142adni, automatycznym formatowaniem zapyta\u0144 i wizualnym kreatorem zapyta\u0144.<\/li>\n<\/ul>\n<ul>\n<li>Przegl\u0105darka obiekt\u00f3w bazodanowych, umo\u017cliwiaj\u0105ca \u0142atw\u0105 nawigacj\u0119 po strukturze bazy danych oraz zarz\u0105dzanie tabelami, widokami, procedurami, funkcjami i triggerami.<\/li>\n<li>Mo\u017cliwo\u015b\u0107 edycji i przegl\u0105dania danych w tabelach, w tym wsparcie dla typ\u00f3w BLOB\/CLOB oraz import\/eksport danych w formatach CSV, Excel, XML, SQL, JSON i innych.<\/li>\n<li>Tworzenie diagram\u00f3w i wizualizacji relacji pomi\u0119dzy obiektami bazy danych, co u\u0142atwia projektowanie i optymalizacj\u0119 struktur.<\/li>\n<li>Obs\u0142uga po\u0142\u0105cze\u0144 lokalnych, zdalnych oraz przez SSH i SSL, zapewniaj\u0105c bezpiecze\u0144stwo transmisji danych.<\/li>\n<li>Praca z wieloma bazami danych z poziomu jednego, intuicyjnego interfejsu, co pozwala na efektywne zarz\u0105dzanie r\u00f3\u017cnorodnymi \u015brodowiskami.<\/li>\n<li>Automatyczne zapisywanie stanu pracy i mo\u017cliwo\u015b\u0107 wznowienia sesji po ponownym uruchomieniu programu.<\/li>\n<\/ul>\n<p>DbVisualizer dost\u0119pny jest zar\u00f3wno w wersji darmowej, jak i komercyjnej (Pro), oferuj\u0105c szeroki zakres funkcji przyjaznych zar\u00f3wno pocz\u0105tkuj\u0105cym, jak i zaawansowanym u\u017cytkownikom.<\/p>\n<p>&nbsp;<\/p>\n<p>Wi\u0119cej informacji na stronie  <a href=\"https:\/\/www.dbvis.com\/\" target=\"_blank\" rel=\"noopener noreferrer\">DBVISUALIZER <\/a><\/p>\n","protected":false},"excerpt":{"rendered":"<p>DbVisualizer to uniwersalne, wieloplatformowe narz\u0119dzie do zarz\u0105dzania bazami danych, przeznaczone dla programist\u00f3w, administrator\u00f3w oraz analityk\u00f3w. Umo\u017cliwia obs\u0142ug\u0119 wielu popularnych system\u00f3w baz danych, takich jak MySQL, PostgreSQL, Oracle, SQL Server, SQLite, DB2, Informix, Redshift czy Sybase, dzia\u0142aj\u0105c na systemach Windows, macOS oraz Linux: &nbsp; Zaawansowany edytor SQL z podpowiadaniem sk\u0142adni, automatycznym formatowaniem zapyta\u0144 i wizualnym kreatorem &hellip; <a href=\"https:\/\/restor.com.pl\/ko\/?page_id=788\" class=\"more-link\">Czytaj dalej <span class=\"screen-reader-text\">DBVISUALIZER<\/span> <span class=\"meta-nav\">&rarr;<\/span><\/a><\/p>\n","protected":false},"author":4,"featured_media":0,"parent":0,"menu_order":0,"comment_status":"closed","ping_status":"closed","template":"","meta":{"footnotes":""},"class_list":["post-788","page","type-page","status-publish","hentry"],"_links":{"self":[{"href":"https:\/\/restor.com.pl\/ko\/index.php?rest_route=\/wp\/v2\/pages\/788","targetHints":{"allow":["GET"]}}],"collection":[{"href":"https:\/\/restor.com.pl\/ko\/index.php?rest_route=\/wp\/v2\/pages"}],"about":[{"href":"https:\/\/restor.com.pl\/ko\/index.php?rest_route=\/wp\/v2\/types\/page"}],"author":[{"embeddable":true,"href":"https:\/\/restor.com.pl\/ko\/index.php?rest_route=\/wp\/v2\/users\/4"}],"replies":[{"embeddable":true,"href":"https:\/\/restor.com.pl\/ko\/index.php?rest_route=%2Fwp%2Fv2%2Fcomments&post=788"}],"version-history":[{"count":1,"href":"https:\/\/restor.com.pl\/ko\/index.php?rest_route=\/wp\/v2\/pages\/788\/revisions"}],"predecessor-version":[{"id":789,"href":"https:\/\/restor.com.pl\/ko\/index.php?rest_route=\/wp\/v2\/pages\/788\/revisions\/789"}],"wp:attachment":[{"href":"https:\/\/restor.com.pl\/ko\/index.php?rest_route=%2Fwp%2Fv2%2Fmedia&parent=788"}],"curies":[{"name":"wp","href":"https:\/\/api.w.org\/{rel}","templated":true}]}}