{"id":723,"date":"2025-06-26T12:48:02","date_gmt":"2025-06-26T10:48:02","guid":{"rendered":"https:\/\/restor.com.pl\/ko\/?page_id=723"},"modified":"2025-06-26T13:33:16","modified_gmt":"2025-06-26T11:33:16","slug":"unity","status":"publish","type":"page","link":"https:\/\/restor.com.pl\/ko\/?page_id=723","title":{"rendered":"Unity"},"content":{"rendered":"\n<pre class=\"wp-block-code\"><code>\n\nUnity to jedno z najpopularniejszych \u015brodowisk do tworzenia gier i aplikacji 2D\/3D na r\u00f3\u017cne platformy, w tym komputery, urz\u0105dzenia mobilne, VR oraz AR. Dzi\u0119ki intuicyjnemu interfejsowi oraz bogatym zasobom edukacyjnym, Unity jest wyborem zar\u00f3wno dla pocz\u0105tkuj\u0105cych, jak i profesjonalnych deweloper\u00f3w.\n\nDlaczego warto korzysta\u0107 z Unity?\n\u2022\tSzerokie mo\u017cliwo\u015bci tworzenia gier i aplikacji 2D oraz 3D\n\u2022\tDost\u0119p do ogromnej bazy gotowych zasob\u00f3w w Asset Store\n\u2022\tWsparcie dla wielu platform (Windows, Mac, Linux, Android, iOS, VR, AR)\n\u2022\tAktywna spo\u0142eczno\u015b\u0107 i liczne materia\u0142y edukacyjne\n\n\n<figure><img decoding=\"async\" class=\"alignnone size-full wp-image-205\" title=\"logoadobe\" src=\"http:\/\/restor.com.pl\/ko\/wp-content\/uploads\/2025\/06\/Unity_Channel_Partner_CoBranding_Guide_2025_2-2.jpeg\" alt=\"logounity\"><\/figure>\n\n\nJako autoryzowany reseller Unity oferujemy:\n\n    - Sprzeda\u017c licencji Unity\n\n    - Wsparcie techniczne i doradztwo\n\nWi\u0119cej informacji na stronie producenta <a href=\"https:\/\/unity.com\/\" target=\"_blank\" rel=\"noopener noreferrer\">UNITY<\/a><p><\/p>\n<\/code><\/pre>\n","protected":false},"excerpt":{"rendered":"","protected":false},"author":4,"featured_media":0,"parent":0,"menu_order":0,"comment_status":"closed","ping_status":"closed","template":"","meta":{"footnotes":""},"class_list":["post-723","page","type-page","status-publish","hentry"],"_links":{"self":[{"href":"https:\/\/restor.com.pl\/ko\/index.php?rest_route=\/wp\/v2\/pages\/723","targetHints":{"allow":["GET"]}}],"collection":[{"href":"https:\/\/restor.com.pl\/ko\/index.php?rest_route=\/wp\/v2\/pages"}],"about":[{"href":"https:\/\/restor.com.pl\/ko\/index.php?rest_route=\/wp\/v2\/types\/page"}],"author":[{"embeddable":true,"href":"https:\/\/restor.com.pl\/ko\/index.php?rest_route=\/wp\/v2\/users\/4"}],"replies":[{"embeddable":true,"href":"https:\/\/restor.com.pl\/ko\/index.php?rest_route=%2Fwp%2Fv2%2Fcomments&post=723"}],"version-history":[{"count":8,"href":"https:\/\/restor.com.pl\/ko\/index.php?rest_route=\/wp\/v2\/pages\/723\/revisions"}],"predecessor-version":[{"id":852,"href":"https:\/\/restor.com.pl\/ko\/index.php?rest_route=\/wp\/v2\/pages\/723\/revisions\/852"}],"wp:attachment":[{"href":"https:\/\/restor.com.pl\/ko\/index.php?rest_route=%2Fwp%2Fv2%2Fmedia&parent=723"}],"curies":[{"name":"wp","href":"https:\/\/api.w.org\/{rel}","templated":true}]}}