{"id":11,"date":"2009-03-18T22:10:56","date_gmt":"2009-03-18T21:10:56","guid":{"rendered":"http:\/\/restor.com.pl\/ko\/?page_id=11"},"modified":"2021-06-11T11:13:16","modified_gmt":"2021-06-11T09:13:16","slug":"oferta","status":"publish","type":"page","link":"https:\/\/restor.com.pl\/ko\/?page_id=11","title":{"rendered":"DLA PROGRAMIST\u00d3W"},"content":{"rendered":"<p>Naszym klientom oferujemy pe\u0142ny wyb\u00f3r narz\u0119dzi programistycznych i bibliotek, wykorzystywanych przy projektowaniu oprogramowania. Do najpopularniejszych nale\u017c\u0105:<\/p>\n<p><strong>1.<\/strong> \u015arodowiska programistyczne <a title=\"Embarcadero\" href=\"http:\/\/www.embarcadero.com.pl\/\" target=\"_blank\" rel=\"noopener noreferrer\">Embarcadero<\/a> RAD Studio XE7, Delphi XE7, C++Builder XE7 tworz\u0105 zbi\u00f3r narz\u0119dzi, pozwalaj\u0105cych na szybkie tworzenie otwartych aplikacji Windows, Android, iOS i OS X, dzia\u0142aj\u0105cych mi\u0119dzy innymi na urz\u0105dzeniach przeno\u015bnych i gad\u017cetach elektronicznych.<\/p>\n<p><strong>2.<\/strong> Technologie <a title=\"DevExpress\" href=\"http:\/\/www.devexpress.com\/\" target=\"_blank\" rel=\"noopener noreferrer\">DevExpress<\/a> pomagaj\u0105 programistom w tworzeniu rozwi\u0105za\u0144 biznesowych o wysokiej wydajno\u015bci w jak najkr\u00f3tszym czasie. DevExpress zapewnia najlepszy wyb\u00f3r kontrolek UI dla WinForm, ASP MVC, WPF i Silverlight.<\/p>\n<p><strong>3. <\/strong>Kompletna linia oprogramowania dla programist\u00f3w \u00a0dla XML, JSON, SQL i UML firmy <strong>ALTOVA<\/strong>; produkty serwerowe do automatyzacji przep\u0142ywu pracy o wysokiej wydajno\u015bci; oraz wieloplatformowy program rozwoju mobilnego.<\/p>\n<p>Altova\u00ae to firma specjalizuj\u0105ca si\u0119 w oprogramowaniu, kt\u00f3re pomaga programistom w zarz\u0105dzaniu danymi, tworzeniu oprogramowania i aplikacji, tworzeniu aplikacji mobilnych i integracji danych.<\/p>\n<p>Do najpopularniejszych rozwi\u0105za\u0144 Altova nale\u017c\u0105:<\/p>\n<p><strong>Altova MissionKit<\/strong> to pakiet narz\u0119dzi do XML, UML i baz danych, zawieraj\u0105cy m.in. XMLSpy, MapForce, StyleVision, UModel, Database, DiffDog, SchemaAgent, SemanticWorks<\/p>\n<p><strong>XMLSpy<\/strong> &#8211; edytor XML, zapewniaj\u0105cy graficzne projektowanie schemat\u00f3w ,tworzenie kodu, tworzenie diagram\u00f3w, konwertery, debugery, profilery, wsparcie dla XSLT,XQuery, itd.<\/p>\n<p><strong>StyleVision<\/strong> to pakiet do graficznego projektowania arkuszy styl\u00f3w xsl, xslt, oraz generowania szczeg\u00f3\u0142owych raport\u00f3w.<\/p>\n<p><strong>MapForce <\/strong>\u00a0to graficzne narz\u0119dzie mapowania, konwersji i integracji \u00a0danych.<\/p>\n<p>Wi\u0119cej szczeg\u00f3\u0142\u00f3w na stonie <a title=\"TeeChart\" href=\"http:\/\/www.altova.com\/\" target=\"_blank\" rel=\"noopener noreferrer\">Altova.<\/a><\/p>\n<p><strong>4.<\/strong> Biblioteka komponent\u00f3w <a title=\"TeeChart\" href=\"http:\/\/www.steema.com\/\" target=\"_blank\" rel=\"noopener noreferrer\">TeeChart<\/a> oferuje setki styl\u00f3w wykres\u00f3w 2D i 3D do wizualizacji danych, 56 funkcji matematycznych, statystycznych i finansowych. TeeChart Pro zapewnia pe\u0142ne, szybkie i \u0142atwe w u\u017cyciu kontrolek wykres\u00f3w dla .NET, Java, ActiveX \/ COM, PHP, Delphi VCL\/Firemonkey w aplikacjach biznesowych, finansowych, naukowych i mobilnych.<\/p>\n<p><strong>5.<\/strong> Znakomite narz\u0119dzie <a title=\"Xamarin\" href=\"http:\/\/www.xamarin.com\/\" target=\"_blank\" rel=\"noopener noreferrer\">Xamarin<\/a> pozwala \u0142atwo tworzy\u0107 natywne aplikacje dla iOS, Android, Windows Phone przy wykorzystaniu C#.<\/p>\n<p><strong>6.<\/strong> Najlepszy edytor XML <a title=\"oXygen\" href=\"http:\/\/www.oxygenxml.com\/\" target=\"_blank\" rel=\"noopener noreferrer\">oXygen<\/a> odpowiedni jest zar\u00f3wno dla pocz\u0105tkuj\u0105cych u\u017cytkownik\u00f3, jak i ekspert\u00f3w XML. Jest jedynym narz\u0119dziem XML, kt\u00f3re obs\u0142uguje wszystkie j\u0119zyki XML. Oxygen XML Editor to aplikacja wieloplatformowa dost\u0119pna dla wszystkich najwa\u017cniejszych system\u00f3w operacyjnych (Windows, Mac OS X, Linux, Solaris) i mo\u017ce by\u0107 stosowany samodzielny lub jako plugin Eclipse.<\/p>\n<p><strong>7.<\/strong> Biblioteki wspieraj\u0105ce programowanie aspektowe <a title=\"PostSharp\" href=\"https:\/\/www.postsharp.net\/\" target=\"_blank\" rel=\"noopener noreferrer\">PostSharp<\/a> pozwalaj\u0105 na szybkie i proste zastosowanie mechanizm\u00f3w aspektowych w tworzonych aplikacjach.<\/p>\n<p><strong>8.<\/strong> Zestawy komponent\u00f3w <a title=\"TMS\" href=\"http:\/\/www.tmssoftware.com\/site\/default.asp\" target=\"_blank\" rel=\"noopener noreferrer\">TMS<\/a> dla Delphi i C++Builder s\u0105 dedykowane r\u00f3\u017cnym obszarom wsparcia programowania aplikacji Windows, zawieraj\u0105 elementy UI, wspieraj\u0105 procesy komunikacyjne, u\u0142atwiaj\u0105 tworzenie skrypt\u00f3w, raportowanie, zarz\u0105dzanie u\u017cytkownikami, planowanie, kontrol\u0119, tworzenie diagram\u00f3w, przep\u0142yw\u00f3w typu workflow i wielu innych element\u00f3w.<\/p>\n<p><strong>9.<\/strong> Silnik do tworzenia gier 2D i 3D <a title=\"Unity3D\" href=\"http:\/\/www.unity3d.com\" target=\"_blank\" rel=\"noopener noreferrer\">Unity<\/a> umo\u017cliwia tworzenie aplikacji dla platform: PC, Mac, Linux Desktop, Web (przez Unity Web Player), iOS, Android, Windows Phone 8, Windows Store, BlackBerry 10, Wii U, Sony PS3 i PS4 i Xbox One.<\/p>\n<p><strong>10. <\/strong>Firma<strong> <a href=\"https:\/\/www.devart.com\/\">Devart<\/a><\/strong> oferuje pakiety komponent\u00f3w dla programist\u00f3w Delphi \/ C++Builder do wykorzystywania podczas tworzenia aplikacji bazodanowych. Komponenty mog\u0105 wsp\u00f3\u0142pracowa\u0107 z jednym rodzajem bazy danych (Oracle, SQL Server, itd.)), Dost\u0119pne s\u0105 tak\u017ce pakiety komponent\u00f3w wspieraj\u0105ce opracowywanie aplikacji \u0142\u0105cz\u0105cych si\u0119 z wieloma, r\u00f3\u017cnymi bazami pochodz\u0105cych od r\u00f3\u017cnych producent\u00f3w (Universal Data Access Components), w tym: \u00a0Oracle, Microsoft SQL Server, MySQL, InterBase, Firebird, PostgreSQL, SQLite, DB2, Microsoft Access, Advantage Database Server, Adaptive Server Enterprise, i inni.<\/p>\n\n\n<p><\/p>\n","protected":false},"excerpt":{"rendered":"<p>Naszym klientom oferujemy pe\u0142ny wyb\u00f3r narz\u0119dzi programistycznych i bibliotek, wykorzystywanych przy projektowaniu oprogramowania. Do najpopularniejszych nale\u017c\u0105: 1. \u015arodowiska programistyczne Embarcadero RAD Studio XE7, Delphi XE7, C++Builder XE7 tworz\u0105 zbi\u00f3r narz\u0119dzi, pozwalaj\u0105cych na szybkie tworzenie otwartych aplikacji Windows, Android, iOS i OS X, dzia\u0142aj\u0105cych mi\u0119dzy innymi na urz\u0105dzeniach przeno\u015bnych i gad\u017cetach elektronicznych. 2. Technologie DevExpress pomagaj\u0105 &hellip; <a href=\"https:\/\/restor.com.pl\/ko\/?page_id=11\" class=\"more-link\">Czytaj dalej <span class=\"screen-reader-text\">DLA PROGRAMIST\u00d3W<\/span> <span class=\"meta-nav\">&rarr;<\/span><\/a><\/p>\n","protected":false},"author":3,"featured_media":0,"parent":0,"menu_order":1,"comment_status":"closed","ping_status":"open","template":"","meta":{"footnotes":""},"class_list":["post-11","page","type-page","status-publish","hentry"],"_links":{"self":[{"href":"https:\/\/restor.com.pl\/ko\/index.php?rest_route=\/wp\/v2\/pages\/11","targetHints":{"allow":["GET"]}}],"collection":[{"href":"https:\/\/restor.com.pl\/ko\/index.php?rest_route=\/wp\/v2\/pages"}],"about":[{"href":"https:\/\/restor.com.pl\/ko\/index.php?rest_route=\/wp\/v2\/types\/page"}],"author":[{"embeddable":true,"href":"https:\/\/restor.com.pl\/ko\/index.php?rest_route=\/wp\/v2\/users\/3"}],"replies":[{"embeddable":true,"href":"https:\/\/restor.com.pl\/ko\/index.php?rest_route=%2Fwp%2Fv2%2Fcomments&post=11"}],"version-history":[{"count":17,"href":"https:\/\/restor.com.pl\/ko\/index.php?rest_route=\/wp\/v2\/pages\/11\/revisions"}],"predecessor-version":[{"id":675,"href":"https:\/\/restor.com.pl\/ko\/index.php?rest_route=\/wp\/v2\/pages\/11\/revisions\/675"}],"wp:attachment":[{"href":"https:\/\/restor.com.pl\/ko\/index.php?rest_route=%2Fwp%2Fv2%2Fmedia&parent=11"}],"curies":[{"name":"wp","href":"https:\/\/api.w.org\/{rel}","templated":true}]}}