{"id":602,"date":"2016-07-13T14:24:38","date_gmt":"2016-07-13T12:24:38","guid":{"rendered":"http:\/\/restor.com.pl\/ko\/?page_id=602"},"modified":"2017-08-04T13:13:36","modified_gmt":"2017-08-04T11:13:36","slug":"malwarebytes","status":"publish","type":"page","link":"http:\/\/restor.com.pl\/ko\/?page_id=602","title":{"rendered":"MALWAREBYTES"},"content":{"rendered":"<div class=\"small-card\">\n<div class=\"content\">\n<p class=\"details\"><img loading=\"lazy\" decoding=\"async\" class=\"alignnone wp-image-613 size-full\" src=\"http:\/\/restor.com.pl\/ko\/wp-content\/uploads\/2016\/07\/malwarebytes-logo.png\" alt=\"malwarebytes-logo\" width=\"157\" height=\"48\" \/><\/p>\n<h3 class=\"details\" style=\"text-align: center;\"><strong>Produkty dla u\u017cytkownik\u00f3w domowych.<\/strong><\/h3>\n<p class=\"details\"><span class=\"name\"><strong>Proponujemy zakupy program\u00f3w do ochrony przed z\u0142o\u015bliwym oprogramowaniem.<\/strong> <\/span><\/p>\n<ul>\n<li class=\"details\"><strong>Malwarebytes Premium 3\u00a0<\/strong> &#8211; dla u\u017cytkownik\u00f3w domowych.<\/li>\n<\/ul>\n<p class=\"desc\"><em>Malwarebytes Premium 3 wykrywa i usuwa z\u0142o\u015bliwe oprogramowanie z zainfekowanego komputera za pomoc\u0105 wiod\u0105cych w bran\u017cy narz\u0119dzi chroni\u0105cych przed z\u0142o\u015bliwym oprogramowaniem, programami szpieguj\u0105cymi i rootkitami. Rozwi\u0105zanie skanuje komputer w poszukiwaniu najnowszych i najbardziej niebezpiecznych zagro\u017ce\u0144 oraz bezpieczne usuwa z\u0142o\u015bliwe oprogramowanie. <\/em><em>Program nieprzerwanie pracuje w tle, blokuj\u0105c infekcje jeszcze przed ich wyst\u0105pieniem oraz automatycznie wyszukuj\u0105c pr\u00f3by atak\u00f3w i zapobiegaj\u0105c im.<\/em><\/p>\n<\/div>\n<\/div>\n<div class=\"small-card\">\n<div class=\"content\">\n<p class=\"desc\"><em>Malwarebytes Premium 3 blokuje strony rozsy\u0142aj\u0105ce z\u0142o\u015bliwe oprogramowanie lub przez nie zainfekowane.<br \/>\n<\/em><\/p>\n<\/div>\n<\/div>\n<div class=\"small-card\">\n<div class=\"content\">\n<p class=\"desc\"><em>W trybie szybkiego skanowania program wyszukuje tylko aktywne zagro\u017cenia, aby szybciej przeprowadzi\u0107 analiz\u0119.<\/em><\/p>\n<\/div>\n<\/div>\n<div class=\"small-card chameleon-card\">\n<div class=\"content\">\n<p class=\"desc\"><em>Rozwi\u0105zanie Malwarebytes wykorzystuje zastrze\u017con\u0105 technologi\u0119 Chameleon, chroni\u0105c\u0105 je przed zamkni\u0119ciem lub zmodyfikowaniem procesu przez z\u0142o\u015bliwe oprogramowanie.<\/em><\/p>\n<p><strong>Malwarebytes Premium 3<\/strong> zawiera licencj\u0119 <strong>na 1 rok<\/strong>. Licencja umo\u017cliwia korzystanie z programu tylko u\u017cytkownikom domowym i nie mo\u017ce by\u0107 wykorzystywana komercyjnie (np. w firmach).<\/p>\n<p><strong>UWAGA! Licencja jest przeznaczona do zastosowa\u0144 domowych i nie mo\u017ce by\u0107 u\u017cywana przez firmy.<\/strong><\/p>\n<\/div>\n<p style=\"text-align: center;\">\u00a0<span style=\"color: #0000ff;\"><strong><a style=\"color: #0000ff;\" href=\"https:\/\/buy.malwarebytes.com\/cart\/?s=42553&amp;c=cart&amp;k=purl-consumer\">Kliknij, aby kupi\u0107 &#8211; Malwarebytes Premium 3 <\/a><\/strong><\/span><\/p>\n<p style=\"text-align: center;\"><img loading=\"lazy\" decoding=\"async\" class=\"alignnone size-full wp-image-622\" src=\"http:\/\/restor.com.pl\/ko\/wp-content\/uploads\/2016\/07\/MBAM_80x80.png\" alt=\"MBAM_80x80\" width=\"81\" height=\"80\" \/><\/p>\n<\/div>\n<p>&nbsp;<\/p>\n<h3 class=\"details\" style=\"text-align: center;\"><strong>Produkty dla firm<br \/>\n<\/strong><\/h3>\n<p>&nbsp;<\/p>\n<div class=\"content\"><\/div>\n<section class=\"light-grey-bg\">\n<div class=\"container\">\n<div class=\"row center-row\">\n<div class=\"col-md-8\">\n<div class=\"small-card\">\n<div class=\"content\">\n<div class=\"col-md-6 col-lg-6 col-sm-12 col-lg-pull-6 col-md-pull-6\">\n<ul>\n<li style=\"text-align: center;\"><strong>Malwarebytes EndPoint Protection<\/strong><\/li>\n<\/ul>\n<p><strong>Ochrona punkt\u00f3w ko\u0144cowych z poziomu <em>chmury<\/em><\/strong><\/p>\n<p>Malwarebytes Endpoint Protection to platforma do ochrony punkt\u00f3w ko\u0144cowych udost\u0119pniaj\u0105ca 7 warstw technologii. Dzi\u0119ki zastosowaniu wiod\u0105cej w bran\u017cy telemetrii chroni punkty ko\u0144cowe zar\u00f3wno przed znanymi, jak i nieznanymi zagro\u017ceniami.<\/p>\n<ul>\n<li>Ochrona przed zagro\u017ceniami wykorzystuj\u0105cymi luki w zabezpieczeniach, atakami bez u\u017cycia plik\u00f3w i oprogramowaniem ransomware za pomoc\u0105 7 warstw unikalnych technologii<\/li>\n<li>Usuwanie wszystkich pozosta\u0142o\u015bci po infekcjach, zwi\u0105zanych z niezablokowanymi zagro\u017ceniami<\/li>\n<li>Centralna konsola zarz\u0105dzania oparta o chmur\u0119<\/li>\n<\/ul>\n<p><b>ZAPOBIEGANIE<\/b><br \/>\nOprogramowanie ransomware | Z\u0142o\u015bliwe oprogramowanie | Zagro\u017cenia typu zero-day wykorzystuj\u0105ce luki w oprogramowaniu | Potencjalnie niechciane programy (PUP) | Adware<\/p>\n<\/div>\n<p class=\"desc\">\n<ul>\n<li style=\"text-align: center;\"><strong>Malwarebytes ENDPOINT SECURITY<\/strong><\/li>\n<\/ul>\n<p><strong><em>Lokalna<\/em> ochrona punkt\u00f3w ko\u0144cowych<\/strong><\/p>\n<p>Malwarebytes Endpoint Security to platforma chroni\u0105ca punkty ko\u0144cowe. Endpoint Security wykorzystuje szereg technologii, aby proaktywnie chroni\u0107 komputery przed znanymi i nieznanymi zagro\u017ceniami.<\/p>\n<ul>\n<li>Blokowanie zaawansowanego z\u0142o\u015bliwego oprogramowania, w tym oprogramowania ransomware i atak\u00f3w bez u\u017cycia plik\u00f3w<\/li>\n<li>Usuwanie wszystkich \u015blad\u00f3w z\u0142o\u015bliwego oprogramowania po infekcji punktu ko\u0144cowego<\/li>\n<li>Scentralizowane zarz\u0105dzanie i raportowanie zagro\u017ce\u0144<\/li>\n<\/ul>\n<p><b>ZAPOBIEGANIE<\/b><br \/>\nOprogramowanie ransomware | Z\u0142o\u015bliwe oprogramowanie | Zagro\u017cenia typu zero-day wykorzystuj\u0105ce luki w oprogramowaniu | Potencjalnie niechciane programy (PUP) | Adware<\/p>\n<p>&nbsp;<\/p>\n<\/div>\n<\/div>\n<\/div>\n<\/div>\n<\/div>\n<\/section>\n<ul>\n<li style=\"text-align: center;\"><strong>Malwarebytes INCIDENT RESPONSE<\/strong><\/li>\n<\/ul>\n<p>Dla firm ka\u017cdej wielko\u015bci<\/p>\n<p>Malwarebytes Incident Response to platforma wykrywaj\u0105ca zagro\u017cenia i chroni\u0105ca przed ich dzia\u0142aniem, zdolna ca\u0142kowicie usuwa\u0107 zaawansowane zagro\u017cenia z firmowych komputer\u00f3w \u2014 w tym komputer\u00f3w Mac.<\/p>\n<ul>\n<li>Usuwanie wszystkich pozosta\u0142o\u015bci po infekcjach<\/li>\n<li>Ograniczenie konieczno\u015bci przywracania zainfekowanych punkt\u00f3w ko\u0144cowych z obraz\u00f3w<\/li>\n<li>Elastyczne opcje wdra\u017cania za pomoc\u0105 agent\u00f3w trwa\u0142ych i nietrwa\u0142ych<\/li>\n<\/ul>\n<p><b>USUWANIE SKUTK\u00d3W<\/b><br \/>\nZ\u0142o\u015bliwe oprogramowanie | Potencjalnie niechciane programy (PUP) | Adware<\/p>\n<p style=\"text-align: center;\"><strong>\u00a0<\/strong><\/p>\n<p style=\"text-align: center;\">W celu zakupu wersji dla firm &#8211; uprzejmie prosimy o kontakt.<\/p>\n","protected":false},"excerpt":{"rendered":"<p>Produkty dla u\u017cytkownik\u00f3w domowych. Proponujemy zakupy program\u00f3w do ochrony przed z\u0142o\u015bliwym oprogramowaniem. Malwarebytes Premium 3\u00a0 &#8211; dla u\u017cytkownik\u00f3w domowych. Malwarebytes Premium 3 wykrywa i usuwa z\u0142o\u015bliwe oprogramowanie z zainfekowanego komputera za pomoc\u0105 wiod\u0105cych w bran\u017cy narz\u0119dzi chroni\u0105cych przed z\u0142o\u015bliwym oprogramowaniem, programami szpieguj\u0105cymi i rootkitami. Rozwi\u0105zanie skanuje komputer w poszukiwaniu najnowszych i najbardziej niebezpiecznych zagro\u017ce\u0144 oraz &hellip; <a href=\"http:\/\/restor.com.pl\/ko\/?page_id=602\" class=\"more-link\">Czytaj dalej <span class=\"screen-reader-text\">MALWAREBYTES<\/span> <span class=\"meta-nav\">&rarr;<\/span><\/a><\/p>\n","protected":false},"author":3,"featured_media":0,"parent":0,"menu_order":0,"comment_status":"closed","ping_status":"closed","template":"","meta":{"footnotes":""},"class_list":["post-602","page","type-page","status-publish","hentry"],"_links":{"self":[{"href":"http:\/\/restor.com.pl\/ko\/index.php?rest_route=\/wp\/v2\/pages\/602","targetHints":{"allow":["GET"]}}],"collection":[{"href":"http:\/\/restor.com.pl\/ko\/index.php?rest_route=\/wp\/v2\/pages"}],"about":[{"href":"http:\/\/restor.com.pl\/ko\/index.php?rest_route=\/wp\/v2\/types\/page"}],"author":[{"embeddable":true,"href":"http:\/\/restor.com.pl\/ko\/index.php?rest_route=\/wp\/v2\/users\/3"}],"replies":[{"embeddable":true,"href":"http:\/\/restor.com.pl\/ko\/index.php?rest_route=%2Fwp%2Fv2%2Fcomments&post=602"}],"version-history":[{"count":24,"href":"http:\/\/restor.com.pl\/ko\/index.php?rest_route=\/wp\/v2\/pages\/602\/revisions"}],"predecessor-version":[{"id":652,"href":"http:\/\/restor.com.pl\/ko\/index.php?rest_route=\/wp\/v2\/pages\/602\/revisions\/652"}],"wp:attachment":[{"href":"http:\/\/restor.com.pl\/ko\/index.php?rest_route=%2Fwp%2Fv2%2Fmedia&parent=602"}],"curies":[{"name":"wp","href":"https:\/\/api.w.org\/{rel}","templated":true}]}}