{"id":422,"date":"2012-02-22T13:12:15","date_gmt":"2012-02-22T12:12:15","guid":{"rendered":"http:\/\/restor.com.pl\/ko\/?page_id=422"},"modified":"2025-07-16T11:28:43","modified_gmt":"2025-07-16T09:28:43","slug":"adobe-dla-edukacji","status":"publish","type":"page","link":"http:\/\/restor.com.pl\/ko\/?page_id=422","title":{"rendered":"ADOBE EDU"},"content":{"rendered":"<div>Firma RESTOR, jako Certyfikowany Partner Adobe, zaprasza do wsp\u00f3\u0142pracy wszystkie instytucje edukacyjne. Oferujemy edukacyjne licencje zbiorcze Adobe w programie VIPMP.<\/p>\n<p>Lista kwalifikuj\u0105cych si\u0119 instytucji edukacyjnych obejmuje mi\u0119dzy innymi:<br \/>\n&#8211; akredytowane (przez oficjalne jednostki akredytuj\u0105ce) publiczne lub prywatne szko\u0142y podstawowe lub ponadpodstawowe nauczaj\u0105ce w pe\u0142nym wymiarze czasu;<br \/>\n&#8211; akredytowane publiczne lub prywatne uniwersytety lub szko\u0142y wy\u017csze (wy\u017csze szko\u0142y spo\u0142eczne, m\u0142odzie\u017cowe i zawodowe przyznaj\u0105ce stopnie naukowe, w kt\u00f3rych nauka w pe\u0142nym wymiarze trwa co najmniej dwa lata);<br \/>\n&#8211; wymienione z nazwy instytucje edukacyjne zatwierdzone (pisemnie) przez firm\u0119 Adobe;<br \/>\n&#8211; szpitale b\u0119d\u0105ce w ca\u0142o\u015bci w\u0142asno\u015bci\u0105 instytucji edukacyjnej i przez t\u0119 instytucj\u0119 zarz\u0105dzane, co oznacza, \u017ce instytucja edukacyjna jest jedynym w\u0142a\u015bcicielem i jedyn\u0105 jednostk\u0105 sprawuj\u0105c\u0105 kontrol\u0119 nad ich codzienn\u0105 dzia\u0142alno\u015bci\u0105;<br \/>\n&#8211; laboratoria badawcze b\u0119d\u0105ce instytucjami publicznymi uznawanymi przez krajowe lub wojew\u00f3dzkie urz\u0119dy edukacyjne.<\/p>\n<p>Korzy\u015bci i opisy poszczeg\u00f3lnych program\u00f3w licencyjnych Adobe dla instytucji edukacyjnych s\u0105 zamieszczone na stronie <a title=\"Adobe dla edukacji\" href=\"http:\/\/www.adobe.com\/pl\/aboutadobe\/volumelicensing\/education\/\" target=\"_blank\">Adobe dla edukacji<\/a>.<\/p>\n<p>Oferujemy konkurencyjne ceny zakupu licencji edukacyjnych oraz zapewniamy fachow\u0105 pomoc przy wyborze odpowiedniego programu licencjonowania.<\/p>\n<\/div>\n","protected":false},"excerpt":{"rendered":"<p>Firma RESTOR, jako Certyfikowany Partner Adobe, zaprasza do wsp\u00f3\u0142pracy wszystkie instytucje edukacyjne. Oferujemy edukacyjne licencje zbiorcze Adobe w programie VIPMP. Lista kwalifikuj\u0105cych si\u0119 instytucji edukacyjnych obejmuje mi\u0119dzy innymi: &#8211; akredytowane (przez oficjalne jednostki akredytuj\u0105ce) publiczne lub prywatne szko\u0142y podstawowe lub ponadpodstawowe nauczaj\u0105ce w pe\u0142nym wymiarze czasu; &#8211; akredytowane publiczne lub prywatne uniwersytety lub szko\u0142y wy\u017csze &hellip; <a href=\"http:\/\/restor.com.pl\/ko\/?page_id=422\" class=\"more-link\">Czytaj dalej <span class=\"screen-reader-text\">ADOBE EDU<\/span> <span class=\"meta-nav\">&rarr;<\/span><\/a><\/p>\n","protected":false},"author":3,"featured_media":0,"parent":0,"menu_order":0,"comment_status":"closed","ping_status":"open","template":"","meta":{"footnotes":""},"class_list":["post-422","page","type-page","status-publish","hentry"],"_links":{"self":[{"href":"http:\/\/restor.com.pl\/ko\/index.php?rest_route=\/wp\/v2\/pages\/422","targetHints":{"allow":["GET"]}}],"collection":[{"href":"http:\/\/restor.com.pl\/ko\/index.php?rest_route=\/wp\/v2\/pages"}],"about":[{"href":"http:\/\/restor.com.pl\/ko\/index.php?rest_route=\/wp\/v2\/types\/page"}],"author":[{"embeddable":true,"href":"http:\/\/restor.com.pl\/ko\/index.php?rest_route=\/wp\/v2\/users\/3"}],"replies":[{"embeddable":true,"href":"http:\/\/restor.com.pl\/ko\/index.php?rest_route=%2Fwp%2Fv2%2Fcomments&post=422"}],"version-history":[{"count":3,"href":"http:\/\/restor.com.pl\/ko\/index.php?rest_route=\/wp\/v2\/pages\/422\/revisions"}],"predecessor-version":[{"id":845,"href":"http:\/\/restor.com.pl\/ko\/index.php?rest_route=\/wp\/v2\/pages\/422\/revisions\/845"}],"wp:attachment":[{"href":"http:\/\/restor.com.pl\/ko\/index.php?rest_route=%2Fwp%2Fv2%2Fmedia&parent=422"}],"curies":[{"name":"wp","href":"https:\/\/api.w.org\/{rel}","templated":true}]}}