{"id":16,"date":"2009-03-18T22:47:14","date_gmt":"2009-03-18T21:47:14","guid":{"rendered":"http:\/\/restor.com.pl\/ko\/?page_id=16"},"modified":"2021-08-31T11:09:09","modified_gmt":"2021-08-31T09:09:09","slug":"dojazd","status":"publish","type":"page","link":"http:\/\/restor.com.pl\/ko\/?page_id=16","title":{"rendered":"KONTAKT"},"content":{"rendered":"<p><strong>RESTOR Sp.j.<\/strong> Piotr Anton, Artur Czapski, Tomasz Rostropowicz<br><strong><br>adres:<\/strong><br>ul. Dworkowa 2\/107A,<br>00-784 Warszawa<br><strong><br>telefony: <\/strong>do biura<strong><br><\/strong><br>tel. 22-627-42-41<br>tel. 22-848-33-36<br>tel.\/fax: 22-627-42-43<br><strong><br>godziny pracy:<br><\/strong>poniedzia\u0142ek-czwartek<br>9 &#8211; 17<br>pi\u0105tek<br>9 &#8211; 16<\/p>\n<p><strong>adres poczty elektronicznej:<br><\/strong><a href=\"mailto:restor@restor.com.pl?subject=Zapytanie handlowe do firmy RESTOR\">restor@restor.com.pl<\/a><\/p>\n<p><strong>komunikator<\/strong>: <strong>Gadu-Gadu<\/strong><a title=\"tu mo\u017cesz za darmo pobra\u0107 komunikator\" href=\"http:\/\/www.gadu-gadu.pl\/pobierz\/\" target=\"_blank\" rel=\"noopener\"><strong><br><\/strong><\/a><a href=\"gg:830940\" rel=\"nofollow\"><img decoding=\"async\" src=\"http:\/\/www.gadu-gadu.pl\/users\/status.asp?id=830940&amp;styl=1\" alt=\"\"><\/a> &#8211; Tomasz,<br><a href=\"gg:305457\" rel=\"nofollow\"><img decoding=\"async\" src=\"http:\/\/www.gadu-gadu.pl\/users\/status.asp?id=305457&amp;styl=1\" alt=\"\"><\/a> &#8211; Artur.<\/p>\n<p>DOJAZD:<br>Poni\u017cej jest widoczna interaktywna mapa &#8222;<strong>Google<\/strong>&#8222;, mo\u017cna j\u0105:<br><strong>przesuwa\u0107<\/strong>, <strong>przybli\u017ca\u0107<\/strong>, <strong>oddala\u0107<\/strong>, oraz <strong>prze\u0142\u0105cza\u0107<\/strong> na inny widok.<\/p>\n<p><strong>Map <\/strong> &#8211; mapa, kontury ulic, ( <strong>obecnie ustawiony<\/strong>. )<br><strong>Sat<\/strong> &#8211; mapa, widok z satelity,<br><strong>Ter <\/strong> &#8211; mapa, ukszta\u0142towanie terenu.<\/p>\n<p>Na \u015brodku widocznej cz\u0119\u015bci mapy znajduje si\u0119<br>ul. <strong>Pu\u0142awska<\/strong> (<em>zaznaczona kolorem \u017c\u00f3\u0142tym<\/em>) a po jej prawej stronie, odchodzi ul. <strong>Dworkowa 2<\/strong> lokal <strong>107A<\/strong>.<br>Mie\u015bcimy si\u0119 na parterze w wie\u017cowcu.<\/p>\n<p><iframe loading=\"lazy\" src=\"http:\/\/mapy.google.pl\/?ie=UTF8&amp;ll=52.205305,21.02324&amp;spn=0.002959,0.006995&amp;z=17&amp;output=embed\" marginwidth=\"0\" marginheight=\"0\" scrolling=\"no\" width=\"652\" height=\"450\" frameborder=\"0\"><\/iframe><\/p>\n\n\n<p>Klauzula informacyjna RODO znajduje si\u0119 <a href=\"http:\/\/restor.com.pl\/ko\/?page_id=688\">TU <\/a><\/p>\n","protected":false},"excerpt":{"rendered":"<p>RESTOR Sp.j. Piotr Anton, Artur Czapski, Tomasz Rostropowiczadres:ul. Dworkowa 2\/107A,00-784 Warszawatelefony: do biuratel. 22-627-42-41tel. 22-848-33-36tel.\/fax: 22-627-42-43godziny pracy:poniedzia\u0142ek-czwartek9 &#8211; 17pi\u0105tek9 &#8211; 16 adres poczty elektronicznej:restor@restor.com.pl komunikator: Gadu-Gadu &#8211; Tomasz, &#8211; Artur. DOJAZD:Poni\u017cej jest widoczna interaktywna mapa &#8222;Google&#8222;, mo\u017cna j\u0105:przesuwa\u0107, przybli\u017ca\u0107, oddala\u0107, oraz prze\u0142\u0105cza\u0107 na inny widok. Map &#8211; mapa, kontury ulic, ( obecnie ustawiony. )Sat &#8211; &hellip; <a href=\"http:\/\/restor.com.pl\/ko\/?page_id=16\" class=\"more-link\">Czytaj dalej <span class=\"screen-reader-text\">KONTAKT<\/span> <span class=\"meta-nav\">&rarr;<\/span><\/a><\/p>\n","protected":false},"author":3,"featured_media":0,"parent":0,"menu_order":3,"comment_status":"closed","ping_status":"open","template":"","meta":{"footnotes":""},"class_list":["post-16","page","type-page","status-publish","hentry"],"_links":{"self":[{"href":"http:\/\/restor.com.pl\/ko\/index.php?rest_route=\/wp\/v2\/pages\/16","targetHints":{"allow":["GET"]}}],"collection":[{"href":"http:\/\/restor.com.pl\/ko\/index.php?rest_route=\/wp\/v2\/pages"}],"about":[{"href":"http:\/\/restor.com.pl\/ko\/index.php?rest_route=\/wp\/v2\/types\/page"}],"author":[{"embeddable":true,"href":"http:\/\/restor.com.pl\/ko\/index.php?rest_route=\/wp\/v2\/users\/3"}],"replies":[{"embeddable":true,"href":"http:\/\/restor.com.pl\/ko\/index.php?rest_route=%2Fwp%2Fv2%2Fcomments&post=16"}],"version-history":[{"count":4,"href":"http:\/\/restor.com.pl\/ko\/index.php?rest_route=\/wp\/v2\/pages\/16\/revisions"}],"predecessor-version":[{"id":694,"href":"http:\/\/restor.com.pl\/ko\/index.php?rest_route=\/wp\/v2\/pages\/16\/revisions\/694"}],"wp:attachment":[{"href":"http:\/\/restor.com.pl\/ko\/index.php?rest_route=%2Fwp%2Fv2%2Fmedia&parent=16"}],"curies":[{"name":"wp","href":"https:\/\/api.w.org\/{rel}","templated":true}]}}